{"id":1880,"date":"2020-11-26T14:53:18","date_gmt":"2020-11-26T17:53:18","guid":{"rendered":"https:\/\/casaemfestabuffet.com.br\/site\/?page_id=1880"},"modified":"2024-09-13T10:43:36","modified_gmt":"2024-09-13T13:43:36","slug":"experiencias","status":"publish","type":"page","link":"https:\/\/casaemfestabuffet.com.br\/site\/experiencias\/","title":{"rendered":"Experi\u00eancias"},"content":{"rendered":"\t\t<div data-elementor-type=\"wp-page\" data-elementor-id=\"1880\" class=\"elementor elementor-1880\" data-elementor-settings=\"{&quot;ha_cmc_init_switcher&quot;:&quot;no&quot;}\" data-elementor-post-type=\"page\">\n\t\t\t\t\t\t<section class=\"elementor-section elementor-top-section elementor-element elementor-element-8540d04 elementor-section-full_width elementor-section-height-min-height elementor-section-stretched elementor-section-content-middle elementor-section-height-default elementor-section-items-middle\" data-id=\"8540d04\" data-element_type=\"section\" data-e-type=\"section\" data-settings=\"{&quot;stretch_section&quot;:&quot;section-stretched&quot;,&quot;background_background&quot;:&quot;classic&quot;,&quot;shape_divider_bottom&quot;:&quot;waves&quot;,&quot;shape_divider_bottom_negative&quot;:&quot;yes&quot;,&quot;_ha_eqh_enable&quot;:false}\">\n\t\t\t\t\t\t\t<div class=\"elementor-background-overlay\"><\/div>\n\t\t\t\t\t\t<div class=\"elementor-shape elementor-shape-bottom\" aria-hidden=\"true\" data-negative=\"true\">\n\t\t\t<svg xmlns=\"http:\/\/www.w3.org\/2000\/svg\" viewBox=\"0 0 1000 100\" preserveAspectRatio=\"none\">\n\t<path class=\"elementor-shape-fill\" d=\"M790.5,93.1c-59.3-5.3-116.8-18-192.6-50c-29.6-12.7-76.9-31-100.5-35.9c-23.6-4.9-52.6-7.8-75.5-5.3\n\tc-10.2,1.1-22.6,1.4-50.1,7.4c-27.2,6.3-58.2,16.6-79.4,24.7c-41.3,15.9-94.9,21.9-134,22.6C72,58.2,0,25.8,0,25.8V100h1000V65.3\n\tc0,0-51.5,19.4-106.2,25.7C839.5,97,814.1,95.2,790.5,93.1z\"\/>\n<\/svg>\t\t<\/div>\n\t\t\t\t\t<div class=\"elementor-container elementor-column-gap-no\">\n\t\t\t\t\t<div class=\"elementor-column elementor-col-50 elementor-top-column elementor-element elementor-element-507c00f elementor-invisible\" data-id=\"507c00f\" data-element_type=\"column\" data-e-type=\"column\" data-settings=\"{&quot;animation&quot;:&quot;slideInLeft&quot;}\">\n\t\t\t<div class=\"elementor-widget-wrap elementor-element-populated\">\n\t\t\t\t\t\t<div class=\"elementor-element elementor-element-a58428f elementor-widget elementor-widget-heading\" data-id=\"a58428f\" data-element_type=\"widget\" data-e-type=\"widget\" data-widget_type=\"heading.default\">\n\t\t\t\t<div class=\"elementor-widget-container\">\n\t\t\t\t\t<h2 class=\"elementor-heading-title elementor-size-default\">NOSSAS<\/h2>\t\t\t\t<\/div>\n\t\t\t\t<\/div>\n\t\t\t\t<div class=\"elementor-element elementor-element-b9d0a6c elementor-widget elementor-widget-heading\" data-id=\"b9d0a6c\" data-element_type=\"widget\" data-e-type=\"widget\" data-widget_type=\"heading.default\">\n\t\t\t\t<div class=\"elementor-widget-container\">\n\t\t\t\t\t<h2 class=\"elementor-heading-title elementor-size-default\">EXPERI\u00caNCIAS<\/h2>\t\t\t\t<\/div>\n\t\t\t\t<\/div>\n\t\t\t\t\t<\/div>\n\t\t<\/div>\n\t\t\t\t<div class=\"elementor-column elementor-col-50 elementor-top-column elementor-element elementor-element-eeffbbe\" data-id=\"eeffbbe\" data-element_type=\"column\" data-e-type=\"column\">\n\t\t\t<div class=\"elementor-widget-wrap\">\n\t\t\t\t\t\t\t<\/div>\n\t\t<\/div>\n\t\t\t\t\t<\/div>\n\t\t<\/section>\n\t\t\t\t<section class=\"elementor-section elementor-top-section elementor-element elementor-element-96a629f elementor-section-height-min-height elementor-section-stretched elementor-section-boxed elementor-section-height-default elementor-section-items-middle\" data-id=\"96a629f\" data-element_type=\"section\" data-e-type=\"section\" data-settings=\"{&quot;stretch_section&quot;:&quot;section-stretched&quot;,&quot;background_background&quot;:&quot;classic&quot;,&quot;shape_divider_bottom&quot;:&quot;waves&quot;,&quot;shape_divider_bottom_negative&quot;:&quot;yes&quot;,&quot;_ha_eqh_enable&quot;:false}\">\n\t\t\t\t\t<div class=\"elementor-shape elementor-shape-bottom\" aria-hidden=\"true\" data-negative=\"true\">\n\t\t\t<svg xmlns=\"http:\/\/www.w3.org\/2000\/svg\" viewBox=\"0 0 1000 100\" preserveAspectRatio=\"none\">\n\t<path class=\"elementor-shape-fill\" d=\"M790.5,93.1c-59.3-5.3-116.8-18-192.6-50c-29.6-12.7-76.9-31-100.5-35.9c-23.6-4.9-52.6-7.8-75.5-5.3\n\tc-10.2,1.1-22.6,1.4-50.1,7.4c-27.2,6.3-58.2,16.6-79.4,24.7c-41.3,15.9-94.9,21.9-134,22.6C72,58.2,0,25.8,0,25.8V100h1000V65.3\n\tc0,0-51.5,19.4-106.2,25.7C839.5,97,814.1,95.2,790.5,93.1z\"\/>\n<\/svg>\t\t<\/div>\n\t\t\t\t\t<div class=\"elementor-container elementor-column-gap-default\">\n\t\t\t\t\t<div class=\"elementor-column elementor-col-100 elementor-top-column elementor-element elementor-element-1633069\" data-id=\"1633069\" data-element_type=\"column\" data-e-type=\"column\">\n\t\t\t<div class=\"elementor-widget-wrap elementor-element-populated\">\n\t\t\t\t\t\t<div class=\"elementor-element elementor-element-12aa644 elementor-widget elementor-widget-heading\" data-id=\"12aa644\" data-element_type=\"widget\" data-e-type=\"widget\" data-widget_type=\"heading.default\">\n\t\t\t\t<div class=\"elementor-widget-container\">\n\t\t\t\t\t<h2 class=\"elementor-heading-title elementor-size-default\">EM BREVE NOVIDADES<\/h2>\t\t\t\t<\/div>\n\t\t\t\t<\/div>\n\t\t\t\t\t<\/div>\n\t\t<\/div>\n\t\t\t\t\t<\/div>\n\t\t<\/section>\n\t\t\t\t<\/div>\n\t\t","protected":false},"excerpt":{"rendered":"<p>NOSSAS EXPERI\u00caNCIAS EM BREVE NOVIDADES<\/p>\n","protected":false},"author":1,"featured_media":0,"parent":0,"menu_order":0,"comment_status":"closed","ping_status":"closed","template":"","meta":{"footnotes":""},"class_list":["post-1880","page","type-page","status-publish","hentry","wpbf-post"],"yoast_head":"<!-- This site is optimized with the Yoast SEO plugin v27.3 - https:\/\/yoast.com\/product\/yoast-seo-wordpress\/ -->\n<title>Casa em Festa | Casa de Festa Infantil | Barra da Tijuca - RJ | Experi\u00eancia<\/title>\n<meta name=\"description\" content=\"Conhe\u00e7a nossos eventos! Venha viver essa experi\u00eancia com a gente.\" \/>\n<meta name=\"robots\" content=\"index, follow, max-snippet:-1, max-image-preview:large, max-video-preview:-1\" \/>\n<link rel=\"canonical\" href=\"https:\/\/casaemfestabuffet.com.br\/site\/experiencias\/\" \/>\n<meta property=\"og:locale\" content=\"pt_BR\" \/>\n<meta property=\"og:type\" content=\"article\" \/>\n<meta property=\"og:title\" content=\"Casa em Festa | Casa de Festa Infantil | Barra da Tijuca - RJ | Experi\u00eancia\" \/>\n<meta property=\"og:description\" content=\"Conhe\u00e7a nossos eventos! Venha viver essa experi\u00eancia com a gente.\" \/>\n<meta property=\"og:url\" content=\"https:\/\/casaemfestabuffet.com.br\/site\/experiencias\/\" \/>\n<meta property=\"og:site_name\" content=\"Casa em Festa | Casa de Festa Infantil | Barra da Tijuca - RJ\" \/>\n<meta property=\"article:publisher\" content=\"https:\/\/www.facebook.com\/casaemfestabuffet\" \/>\n<meta property=\"article:modified_time\" content=\"2024-09-13T13:43:36+00:00\" \/>\n<meta name=\"twitter:card\" content=\"summary_large_image\" \/>\n<meta name=\"twitter:label1\" content=\"Est. tempo de leitura\" \/>\n\t<meta name=\"twitter:data1\" content=\"1 minuto\" \/>\n<script type=\"application\/ld+json\" class=\"yoast-schema-graph\">{\"@context\":\"https:\\\/\\\/schema.org\",\"@graph\":[{\"@type\":\"WebPage\",\"@id\":\"https:\\\/\\\/casaemfestabuffet.com.br\\\/site\\\/experiencias\\\/\",\"url\":\"https:\\\/\\\/casaemfestabuffet.com.br\\\/site\\\/experiencias\\\/\",\"name\":\"Casa em Festa | Casa de Festa Infantil | Barra da Tijuca - RJ | Experi\u00eancia\",\"isPartOf\":{\"@id\":\"https:\\\/\\\/casaemfestabuffet.com.br\\\/site\\\/#website\"},\"datePublished\":\"2020-11-26T17:53:18+00:00\",\"dateModified\":\"2024-09-13T13:43:36+00:00\",\"description\":\"Conhe\u00e7a nossos eventos! Venha viver essa experi\u00eancia com a gente.\",\"breadcrumb\":{\"@id\":\"https:\\\/\\\/casaemfestabuffet.com.br\\\/site\\\/experiencias\\\/#breadcrumb\"},\"inLanguage\":\"pt-BR\",\"potentialAction\":[{\"@type\":\"ReadAction\",\"target\":[\"https:\\\/\\\/casaemfestabuffet.com.br\\\/site\\\/experiencias\\\/\"]}]},{\"@type\":\"BreadcrumbList\",\"@id\":\"https:\\\/\\\/casaemfestabuffet.com.br\\\/site\\\/experiencias\\\/#breadcrumb\",\"itemListElement\":[{\"@type\":\"ListItem\",\"position\":1,\"name\":\"In\u00edcio\",\"item\":\"https:\\\/\\\/casaemfestabuffet.com.br\\\/site\\\/\"},{\"@type\":\"ListItem\",\"position\":2,\"name\":\"Experi\u00eancias\"}]},{\"@type\":\"WebSite\",\"@id\":\"https:\\\/\\\/casaemfestabuffet.com.br\\\/site\\\/#website\",\"url\":\"https:\\\/\\\/casaemfestabuffet.com.br\\\/site\\\/\",\"name\":\"Casa em Festa | Casa de Festa Infantil | Barra da Tijuca - RJ\",\"description\":\"Espa\u00e7o lindo e aconchegante. Surpreenda seus convidados! Brinquedos exclusivos, buffet delicioso e decora\u00e7\u00e3o personalizada.\",\"publisher\":{\"@id\":\"https:\\\/\\\/casaemfestabuffet.com.br\\\/site\\\/#organization\"},\"potentialAction\":[{\"@type\":\"SearchAction\",\"target\":{\"@type\":\"EntryPoint\",\"urlTemplate\":\"https:\\\/\\\/casaemfestabuffet.com.br\\\/site\\\/?s={search_term_string}\"},\"query-input\":{\"@type\":\"PropertyValueSpecification\",\"valueRequired\":true,\"valueName\":\"search_term_string\"}}],\"inLanguage\":\"pt-BR\"},{\"@type\":\"Organization\",\"@id\":\"https:\\\/\\\/casaemfestabuffet.com.br\\\/site\\\/#organization\",\"name\":\"Casa em Festa Buffet Infantil\",\"url\":\"https:\\\/\\\/casaemfestabuffet.com.br\\\/site\\\/\",\"logo\":{\"@type\":\"ImageObject\",\"inLanguage\":\"pt-BR\",\"@id\":\"https:\\\/\\\/casaemfestabuffet.com.br\\\/site\\\/#\\\/schema\\\/logo\\\/image\\\/\",\"url\":\"https:\\\/\\\/casaemfestabuffet.com.br\\\/site\\\/wp-content\\\/uploads\\\/2020\\\/07\\\/logo-header.png\",\"contentUrl\":\"https:\\\/\\\/casaemfestabuffet.com.br\\\/site\\\/wp-content\\\/uploads\\\/2020\\\/07\\\/logo-header.png\",\"width\":518,\"height\":373,\"caption\":\"Casa em Festa Buffet Infantil\"},\"image\":{\"@id\":\"https:\\\/\\\/casaemfestabuffet.com.br\\\/site\\\/#\\\/schema\\\/logo\\\/image\\\/\"},\"sameAs\":[\"https:\\\/\\\/www.facebook.com\\\/casaemfestabuffet\",\"https:\\\/\\\/www.instagram.com\\\/casaemfestabuffet\\\/\"]}]}<\/script>\n<!-- \/ Yoast SEO plugin. -->","yoast_head_json":{"title":"Casa em Festa | Casa de Festa Infantil | Barra da Tijuca - RJ | Experi\u00eancia","description":"Conhe\u00e7a nossos eventos! Venha viver essa experi\u00eancia com a gente.","robots":{"index":"index","follow":"follow","max-snippet":"max-snippet:-1","max-image-preview":"max-image-preview:large","max-video-preview":"max-video-preview:-1"},"canonical":"https:\/\/casaemfestabuffet.com.br\/site\/experiencias\/","og_locale":"pt_BR","og_type":"article","og_title":"Casa em Festa | Casa de Festa Infantil | Barra da Tijuca - RJ | Experi\u00eancia","og_description":"Conhe\u00e7a nossos eventos! Venha viver essa experi\u00eancia com a gente.","og_url":"https:\/\/casaemfestabuffet.com.br\/site\/experiencias\/","og_site_name":"Casa em Festa | Casa de Festa Infantil | Barra da Tijuca - RJ","article_publisher":"https:\/\/www.facebook.com\/casaemfestabuffet","article_modified_time":"2024-09-13T13:43:36+00:00","twitter_card":"summary_large_image","twitter_misc":{"Est. tempo de leitura":"1 minuto"},"schema":{"@context":"https:\/\/schema.org","@graph":[{"@type":"WebPage","@id":"https:\/\/casaemfestabuffet.com.br\/site\/experiencias\/","url":"https:\/\/casaemfestabuffet.com.br\/site\/experiencias\/","name":"Casa em Festa | Casa de Festa Infantil | Barra da Tijuca - RJ | Experi\u00eancia","isPartOf":{"@id":"https:\/\/casaemfestabuffet.com.br\/site\/#website"},"datePublished":"2020-11-26T17:53:18+00:00","dateModified":"2024-09-13T13:43:36+00:00","description":"Conhe\u00e7a nossos eventos! Venha viver essa experi\u00eancia com a gente.","breadcrumb":{"@id":"https:\/\/casaemfestabuffet.com.br\/site\/experiencias\/#breadcrumb"},"inLanguage":"pt-BR","potentialAction":[{"@type":"ReadAction","target":["https:\/\/casaemfestabuffet.com.br\/site\/experiencias\/"]}]},{"@type":"BreadcrumbList","@id":"https:\/\/casaemfestabuffet.com.br\/site\/experiencias\/#breadcrumb","itemListElement":[{"@type":"ListItem","position":1,"name":"In\u00edcio","item":"https:\/\/casaemfestabuffet.com.br\/site\/"},{"@type":"ListItem","position":2,"name":"Experi\u00eancias"}]},{"@type":"WebSite","@id":"https:\/\/casaemfestabuffet.com.br\/site\/#website","url":"https:\/\/casaemfestabuffet.com.br\/site\/","name":"Casa em Festa | Casa de Festa Infantil | Barra da Tijuca - RJ","description":"Espa\u00e7o lindo e aconchegante. Surpreenda seus convidados! Brinquedos exclusivos, buffet delicioso e decora\u00e7\u00e3o personalizada.","publisher":{"@id":"https:\/\/casaemfestabuffet.com.br\/site\/#organization"},"potentialAction":[{"@type":"SearchAction","target":{"@type":"EntryPoint","urlTemplate":"https:\/\/casaemfestabuffet.com.br\/site\/?s={search_term_string}"},"query-input":{"@type":"PropertyValueSpecification","valueRequired":true,"valueName":"search_term_string"}}],"inLanguage":"pt-BR"},{"@type":"Organization","@id":"https:\/\/casaemfestabuffet.com.br\/site\/#organization","name":"Casa em Festa Buffet Infantil","url":"https:\/\/casaemfestabuffet.com.br\/site\/","logo":{"@type":"ImageObject","inLanguage":"pt-BR","@id":"https:\/\/casaemfestabuffet.com.br\/site\/#\/schema\/logo\/image\/","url":"https:\/\/casaemfestabuffet.com.br\/site\/wp-content\/uploads\/2020\/07\/logo-header.png","contentUrl":"https:\/\/casaemfestabuffet.com.br\/site\/wp-content\/uploads\/2020\/07\/logo-header.png","width":518,"height":373,"caption":"Casa em Festa Buffet Infantil"},"image":{"@id":"https:\/\/casaemfestabuffet.com.br\/site\/#\/schema\/logo\/image\/"},"sameAs":["https:\/\/www.facebook.com\/casaemfestabuffet","https:\/\/www.instagram.com\/casaemfestabuffet\/"]}]}},"_links":{"self":[{"href":"https:\/\/casaemfestabuffet.com.br\/site\/wp-json\/wp\/v2\/pages\/1880","targetHints":{"allow":["GET"]}}],"collection":[{"href":"https:\/\/casaemfestabuffet.com.br\/site\/wp-json\/wp\/v2\/pages"}],"about":[{"href":"https:\/\/casaemfestabuffet.com.br\/site\/wp-json\/wp\/v2\/types\/page"}],"author":[{"embeddable":true,"href":"https:\/\/casaemfestabuffet.com.br\/site\/wp-json\/wp\/v2\/users\/1"}],"replies":[{"embeddable":true,"href":"https:\/\/casaemfestabuffet.com.br\/site\/wp-json\/wp\/v2\/comments?post=1880"}],"version-history":[{"count":9,"href":"https:\/\/casaemfestabuffet.com.br\/site\/wp-json\/wp\/v2\/pages\/1880\/revisions"}],"predecessor-version":[{"id":2559,"href":"https:\/\/casaemfestabuffet.com.br\/site\/wp-json\/wp\/v2\/pages\/1880\/revisions\/2559"}],"wp:attachment":[{"href":"https:\/\/casaemfestabuffet.com.br\/site\/wp-json\/wp\/v2\/media?parent=1880"}],"curies":[{"name":"wp","href":"https:\/\/api.w.org\/{rel}","templated":true}]}}