{"id":968,"date":"2020-09-04T15:18:54","date_gmt":"2020-09-04T15:18:54","guid":{"rendered":"https:\/\/casaemfestabuffet.com.br\/site\/?page_id=968"},"modified":"2025-11-17T10:33:57","modified_gmt":"2025-11-17T13:33:57","slug":"nosso-contato","status":"publish","type":"page","link":"https:\/\/casaemfestabuffet.com.br\/site\/nosso-contato\/","title":{"rendered":"contato"},"content":{"rendered":"\t\t<div data-elementor-type=\"wp-page\" data-elementor-id=\"968\" class=\"elementor elementor-968\" data-elementor-settings=\"{&quot;ha_cmc_init_switcher&quot;:&quot;no&quot;}\" data-elementor-post-type=\"page\">\n\t\t\t\t\t\t<section class=\"elementor-section elementor-top-section elementor-element elementor-element-8540d04 elementor-section-full_width elementor-section-height-min-height elementor-section-stretched elementor-section-height-default elementor-section-items-middle\" data-id=\"8540d04\" data-element_type=\"section\" data-e-type=\"section\" data-settings=\"{&quot;stretch_section&quot;:&quot;section-stretched&quot;,&quot;background_background&quot;:&quot;slideshow&quot;,&quot;background_slideshow_gallery&quot;:[{&quot;id&quot;:970,&quot;url&quot;:&quot;https:\\\/\\\/casaemfestabuffet.com.br\\\/site\\\/wp-content\\\/uploads\\\/2020\\\/09\\\/topocontato.jpg&quot;}],&quot;background_slideshow_slide_duration&quot;:5003,&quot;background_slideshow_transition_duration&quot;:5000,&quot;background_slideshow_ken_burns&quot;:&quot;yes&quot;,&quot;shape_divider_bottom&quot;:&quot;waves&quot;,&quot;shape_divider_bottom_negative&quot;:&quot;yes&quot;,&quot;background_slideshow_loop&quot;:&quot;yes&quot;,&quot;background_slideshow_slide_transition&quot;:&quot;fade&quot;,&quot;background_slideshow_ken_burns_zoom_direction&quot;:&quot;in&quot;,&quot;_ha_eqh_enable&quot;:false}\">\n\t\t\t\t\t\t\t<div class=\"elementor-background-overlay\"><\/div>\n\t\t\t\t\t\t<div class=\"elementor-shape elementor-shape-bottom\" aria-hidden=\"true\" data-negative=\"true\">\n\t\t\t<svg xmlns=\"http:\/\/www.w3.org\/2000\/svg\" viewBox=\"0 0 1000 100\" preserveAspectRatio=\"none\">\n\t<path class=\"elementor-shape-fill\" d=\"M790.5,93.1c-59.3-5.3-116.8-18-192.6-50c-29.6-12.7-76.9-31-100.5-35.9c-23.6-4.9-52.6-7.8-75.5-5.3\n\tc-10.2,1.1-22.6,1.4-50.1,7.4c-27.2,6.3-58.2,16.6-79.4,24.7c-41.3,15.9-94.9,21.9-134,22.6C72,58.2,0,25.8,0,25.8V100h1000V65.3\n\tc0,0-51.5,19.4-106.2,25.7C839.5,97,814.1,95.2,790.5,93.1z\"\/>\n<\/svg>\t\t<\/div>\n\t\t\t\t\t<div class=\"elementor-container elementor-column-gap-no\">\n\t\t\t\t\t<div class=\"elementor-column elementor-col-50 elementor-top-column elementor-element elementor-element-507c00f elementor-invisible\" data-id=\"507c00f\" data-element_type=\"column\" data-e-type=\"column\" data-settings=\"{&quot;animation&quot;:&quot;slideInLeft&quot;}\">\n\t\t\t<div class=\"elementor-widget-wrap elementor-element-populated\">\n\t\t\t\t\t\t<div class=\"elementor-element elementor-element-a58428f elementor-widget elementor-widget-heading\" data-id=\"a58428f\" data-element_type=\"widget\" data-e-type=\"widget\" data-widget_type=\"heading.default\">\n\t\t\t\t<div class=\"elementor-widget-container\">\n\t\t\t\t\t<h2 class=\"elementor-heading-title elementor-size-default\">Fale<\/h2>\t\t\t\t<\/div>\n\t\t\t\t<\/div>\n\t\t\t\t<div class=\"elementor-element elementor-element-b9d0a6c elementor-widget elementor-widget-heading\" data-id=\"b9d0a6c\" data-element_type=\"widget\" data-e-type=\"widget\" data-widget_type=\"heading.default\">\n\t\t\t\t<div class=\"elementor-widget-container\">\n\t\t\t\t\t<h2 class=\"elementor-heading-title elementor-size-default\">CONOSCO<\/h2>\t\t\t\t<\/div>\n\t\t\t\t<\/div>\n\t\t\t\t\t<\/div>\n\t\t<\/div>\n\t\t\t\t<div class=\"elementor-column elementor-col-50 elementor-top-column elementor-element elementor-element-eeffbbe\" data-id=\"eeffbbe\" data-element_type=\"column\" data-e-type=\"column\">\n\t\t\t<div class=\"elementor-widget-wrap\">\n\t\t\t\t\t\t\t<\/div>\n\t\t<\/div>\n\t\t\t\t\t<\/div>\n\t\t<\/section>\n\t\t\t\t<section class=\"elementor-section elementor-top-section elementor-element elementor-element-684a0878 elementor-section-full_width elementor-section-stretched elementor-section-height-min-height elementor-section-height-default elementor-section-items-middle\" data-id=\"684a0878\" data-element_type=\"section\" data-e-type=\"section\" id=\"home\" data-settings=\"{&quot;background_background&quot;:&quot;classic&quot;,&quot;stretch_section&quot;:&quot;section-stretched&quot;,&quot;shape_divider_bottom&quot;:&quot;tilt&quot;,&quot;_ha_eqh_enable&quot;:false}\">\n\t\t\t\t\t\t\t<div class=\"elementor-background-overlay\"><\/div>\n\t\t\t\t\t\t<div class=\"elementor-shape elementor-shape-bottom\" aria-hidden=\"true\" data-negative=\"false\">\n\t\t\t<svg xmlns=\"http:\/\/www.w3.org\/2000\/svg\" viewBox=\"0 0 1000 100\" preserveAspectRatio=\"none\">\n\t<path class=\"elementor-shape-fill\" d=\"M0,6V0h1000v100L0,6z\"\/>\n<\/svg>\t\t<\/div>\n\t\t\t\t\t<div class=\"elementor-container elementor-column-gap-default\">\n\t\t\t\t\t<div class=\"elementor-column elementor-col-100 elementor-top-column elementor-element elementor-element-f8078ab\" data-id=\"f8078ab\" data-element_type=\"column\" data-e-type=\"column\">\n\t\t\t<div class=\"elementor-widget-wrap elementor-element-populated\">\n\t\t\t\t\t\t<section class=\"elementor-section elementor-inner-section elementor-element elementor-element-8ba37d4 elementor-section-content-middle elementor-section-boxed elementor-section-height-default elementor-section-height-default\" data-id=\"8ba37d4\" data-element_type=\"section\" data-e-type=\"section\" data-settings=\"{&quot;background_background&quot;:&quot;classic&quot;,&quot;_ha_eqh_enable&quot;:false}\">\n\t\t\t\t\t\t<div class=\"elementor-container elementor-column-gap-default\">\n\t\t\t\t\t<div class=\"elementor-column elementor-col-50 elementor-inner-column elementor-element elementor-element-dbd40b5\" data-id=\"dbd40b5\" data-element_type=\"column\" data-e-type=\"column\">\n\t\t\t<div class=\"elementor-widget-wrap elementor-element-populated\">\n\t\t\t\t\t\t<div class=\"elementor-element elementor-element-f6f73b4 elementor-widget elementor-widget-text-editor\" data-id=\"f6f73b4\" data-element_type=\"widget\" data-e-type=\"widget\" data-widget_type=\"text-editor.default\">\n\t\t\t\t<div class=\"elementor-widget-container\">\n\t\t\t\t\t\t\t\t\t<p>Precisando entrar em contato?<\/p>\t\t\t\t\t\t\t\t<\/div>\n\t\t\t\t<\/div>\n\t\t\t\t<div class=\"elementor-element elementor-element-9bafc1b elementor-widget elementor-widget-text-editor\" data-id=\"9bafc1b\" data-element_type=\"widget\" data-e-type=\"widget\" data-widget_type=\"text-editor.default\">\n\t\t\t\t<div class=\"elementor-widget-container\">\n\t\t\t\t\t\t\t\t\t<p>Preencha o formul\u00e1rio ou se preferir utilize :<\/p>\t\t\t\t\t\t\t\t<\/div>\n\t\t\t\t<\/div>\n\t\t\t\t<div class=\"elementor-element elementor-element-a106865 elementor-icon-list--layout-traditional elementor-list-item-link-full_width elementor-widget elementor-widget-icon-list\" data-id=\"a106865\" data-element_type=\"widget\" data-e-type=\"widget\" data-widget_type=\"icon-list.default\">\n\t\t\t\t<div class=\"elementor-widget-container\">\n\t\t\t\t\t\t\t<ul class=\"elementor-icon-list-items\">\n\t\t\t\t\t\t\t<li class=\"elementor-icon-list-item\">\n\t\t\t\t\t\t\t\t\t\t\t<a href=\"tel:2134392686\" target=\"_blank\">\n\n\t\t\t\t\t\t\t\t\t\t\t\t<span class=\"elementor-icon-list-icon\">\n\t\t\t\t\t\t\t<i aria-hidden=\"true\" class=\"fas fa-phone-alt\"><\/i>\t\t\t\t\t\t<\/span>\n\t\t\t\t\t\t\t\t\t\t<span class=\"elementor-icon-list-text\">021 3439-2686<\/span>\n\t\t\t\t\t\t\t\t\t\t\t<\/a>\n\t\t\t\t\t\t\t\t\t<\/li>\n\t\t\t\t\t\t\t\t<li class=\"elementor-icon-list-item\">\n\t\t\t\t\t\t\t\t\t\t\t<span class=\"elementor-icon-list-icon\">\n\t\t\t\t\t\t\t<i aria-hidden=\"true\" class=\"fab fa-whatsapp\"><\/i>\t\t\t\t\t\t<\/span>\n\t\t\t\t\t\t\t\t\t\t<span class=\"elementor-icon-list-text\">021 97222-4044<\/span>\n\t\t\t\t\t\t\t\t\t<\/li>\n\t\t\t\t\t\t<\/ul>\n\t\t\t\t\t\t<\/div>\n\t\t\t\t<\/div>\n\t\t\t\t\t<\/div>\n\t\t<\/div>\n\t\t\t\t<div class=\"elementor-column elementor-col-50 elementor-inner-column elementor-element elementor-element-81cbc93\" data-id=\"81cbc93\" data-element_type=\"column\" data-e-type=\"column\">\n\t\t\t<div class=\"elementor-widget-wrap elementor-element-populated\">\n\t\t\t\t\t\t<div class=\"elementor-element elementor-element-bce4dfb elementor-button-align-stretch elementor-widget elementor-widget-form\" data-id=\"bce4dfb\" data-element_type=\"widget\" data-e-type=\"widget\" data-settings=\"{&quot;step_next_label&quot;:&quot;Pr\\u00f3ximo&quot;,&quot;step_previous_label&quot;:&quot;Anterior&quot;,&quot;button_width&quot;:&quot;100&quot;,&quot;step_type&quot;:&quot;number_text&quot;,&quot;step_icon_shape&quot;:&quot;circle&quot;}\" data-widget_type=\"form.default\">\n\t\t\t\t<div class=\"elementor-widget-container\">\n\t\t\t\t\t\t\t<form class=\"elementor-form\" method=\"post\" name=\"Novo formul\u00e1rio\" aria-label=\"Novo formul\u00e1rio\">\n\t\t\t<input type=\"hidden\" name=\"post_id\" value=\"968\"\/>\n\t\t\t<input type=\"hidden\" name=\"form_id\" value=\"bce4dfb\"\/>\n\t\t\t<input type=\"hidden\" name=\"referer_title\" value=\"Casa em Festa | Casa de Festa Infantil | Barra da Tijuca - RJ - Contato\" \/>\n\n\t\t\t\t\t\t\t<input type=\"hidden\" name=\"queried_id\" value=\"968\"\/>\n\t\t\t\n\t\t\t<div class=\"elementor-form-fields-wrapper elementor-labels-above\">\n\t\t\t\t\t\t\t\t<div class=\"elementor-field-type-text elementor-field-group elementor-column elementor-field-group-field_167e988 elementor-col-50 elementor-field-required elementor-mark-required\">\n\t\t\t\t\t\t\t\t\t\t\t\t<label for=\"form-field-field_167e988\" class=\"elementor-field-label\">\n\t\t\t\t\t\t\t\tSeu Nome\t\t\t\t\t\t\t<\/label>\n\t\t\t\t\t\t\t\t\t\t\t\t\t\t<input size=\"1\" type=\"text\" name=\"form_fields[field_167e988]\" id=\"form-field-field_167e988\" class=\"elementor-field elementor-size-sm  elementor-field-textual\" placeholder=\"Seu nome\" required=\"required\">\n\t\t\t\t\t\t\t\t\t\t\t<\/div>\n\t\t\t\t\t\t\t\t<div class=\"elementor-field-type-email elementor-field-group elementor-column elementor-field-group-email elementor-col-50 elementor-field-required elementor-mark-required\">\n\t\t\t\t\t\t\t\t\t\t\t\t<label for=\"form-field-email\" class=\"elementor-field-label\">\n\t\t\t\t\t\t\t\tE-mail\t\t\t\t\t\t\t<\/label>\n\t\t\t\t\t\t\t\t\t\t\t\t\t\t<input size=\"1\" type=\"email\" name=\"form_fields[email]\" id=\"form-field-email\" class=\"elementor-field elementor-size-sm  elementor-field-textual\" placeholder=\"E-mail\" required=\"required\">\n\t\t\t\t\t\t\t\t\t\t\t<\/div>\n\t\t\t\t\t\t\t\t<div class=\"elementor-field-type-text elementor-field-group elementor-column elementor-field-group-field_c194a23 elementor-col-50 elementor-field-required elementor-mark-required\">\n\t\t\t\t\t\t\t\t\t\t\t\t<label for=\"form-field-field_c194a23\" class=\"elementor-field-label\">\n\t\t\t\t\t\t\t\tTelefone\t\t\t\t\t\t\t<\/label>\n\t\t\t\t\t\t\t\t\t\t\t\t\t\t<input size=\"1\" type=\"text\" name=\"form_fields[field_c194a23]\" id=\"form-field-field_c194a23\" class=\"elementor-field elementor-size-sm  fme-mask-input mask_control_@ev-phone money_mask_format_@ mask_prefix_@ mask_decimal_places_@ mask_time_mask_format_@ fme_phone_format_@phone_ddd9 credit_card_options_@ mask_auto_placeholder_@yes fme_brazilian_formats_@ elementor-field-textual\" placeholder=\"Telefone\" required=\"required\" data-input_mask=\"ev-phone\">\n\t\t\t\t\t\t\t\t\t\t\t<\/div>\n\t\t\t\t\t\t\t\t<div class=\"elementor-field-type-select elementor-field-group elementor-column elementor-field-group-field_86fe190 elementor-col-50 elementor-field-required elementor-mark-required\">\n\t\t\t\t\t\t\t\t\t\t\t\t<label for=\"form-field-field_86fe190\" class=\"elementor-field-label\">\n\t\t\t\t\t\t\t\tAssunto\t\t\t\t\t\t\t<\/label>\n\t\t\t\t\t\t\t\t<div class=\"elementor-field elementor-select-wrapper remove-before \">\n\t\t\t<div class=\"select-caret-down-wrapper\">\n\t\t\t\t<i aria-hidden=\"true\" class=\"eicon-caret-down\"><\/i>\t\t\t<\/div>\n\t\t\t<select name=\"form_fields[field_86fe190]\" id=\"form-field-field_86fe190\" class=\"elementor-field-textual elementor-size-sm\" required=\"required\">\n\t\t\t\t\t\t\t\t\t<option value=\"Escolha uma op\u00e7\u00e3o\">Escolha uma op\u00e7\u00e3o<\/option>\n\t\t\t\t\t\t\t\t\t<option value=\"Sugest\u00e3o\">Sugest\u00e3o<\/option>\n\t\t\t\t\t\t\t\t\t<option value=\"D\u00favidas\">D\u00favidas<\/option>\n\t\t\t\t\t\t\t\t\t<option value=\"Cr\u00edtica\">Cr\u00edtica<\/option>\n\t\t\t\t\t\t\t\t\t<option value=\"Elogios\">Elogios<\/option>\n\t\t\t\t\t\t\t\t\t<option value=\"Quero receber liga\u00e7\u00e3o\">Quero receber liga\u00e7\u00e3o<\/option>\n\t\t\t\t\t\t\t\t\t<option value=\"Outros\">Outros<\/option>\n\t\t\t\t\t\t\t<\/select>\n\t\t<\/div>\n\t\t\t\t\t\t<\/div>\n\t\t\t\t\t\t\t\t<div class=\"elementor-field-type-textarea elementor-field-group elementor-column elementor-field-group-message elementor-col-100\">\n\t\t\t\t\t\t\t\t\t\t\t\t<label for=\"form-field-message\" class=\"elementor-field-label\">\n\t\t\t\t\t\t\t\tMensagem\t\t\t\t\t\t\t<\/label>\n\t\t\t\t\t\t<textarea class=\"elementor-field-textual elementor-field  elementor-size-sm\" name=\"form_fields[message]\" id=\"form-field-message\" rows=\"4\" placeholder=\"Mensagem\"><\/textarea>\t\t\t\t<\/div>\n\t\t\t\t\t\t\t\t<div class=\"elementor-field-type-recaptcha_v3 elementor-field-group elementor-column elementor-field-group-field_8df0379 elementor-col-100 recaptcha_v3-bottomleft\">\n\t\t\t\t\t<div class=\"elementor-field\" id=\"form-field-field_8df0379\"><div class=\"elementor-g-recaptcha\" data-sitekey=\"6LeEuMMpAAAAANFHCUQfwlqlQ1voxsf3yyS7ni-q\" data-type=\"v3\" data-action=\"Form\" data-badge=\"bottomleft\" data-size=\"invisible\"><\/div><\/div>\t\t\t\t<\/div>\n\t\t\t\t\t\t\t\t<div class=\"elementor-field-group elementor-column elementor-field-type-submit elementor-col-100 e-form__buttons\">\n\t\t\t\t\t<button class=\"elementor-button elementor-size-sm\" type=\"submit\">\n\t\t\t\t\t\t<span class=\"elementor-button-content-wrapper\">\n\t\t\t\t\t\t\t\t\t\t\t\t\t\t\t\t\t\t\t\t\t\t<span class=\"elementor-button-text\">ENVIAR<\/span>\n\t\t\t\t\t\t\t\t\t\t\t\t\t<\/span>\n\t\t\t\t\t<\/button>\n\t\t\t\t<\/div>\n\t\t\t<\/div>\n\t\t<\/form>\n\t\t\t\t\t\t<\/div>\n\t\t\t\t<\/div>\n\t\t\t\t\t<\/div>\n\t\t<\/div>\n\t\t\t\t\t<\/div>\n\t\t<\/section>\n\t\t\t\t\t<\/div>\n\t\t<\/div>\n\t\t\t\t\t<\/div>\n\t\t<\/section>\n\t\t\t\t<\/div>\n\t\t","protected":false},"excerpt":{"rendered":"<p>Fale CONOSCO Precisando entrar em contato? Preencha o formul\u00e1rio ou se preferir utilize : 021 3439-2686 021 97222-4044<\/p>\n","protected":false},"author":1,"featured_media":0,"parent":0,"menu_order":0,"comment_status":"closed","ping_status":"closed","template":"","meta":{"footnotes":""},"class_list":["post-968","page","type-page","status-publish","hentry","wpbf-post"],"yoast_head":"<!-- This site is optimized with the Yoast SEO plugin v27.3 - https:\/\/yoast.com\/product\/yoast-seo-wordpress\/ -->\n<title>Casa em Festa | Casa de Festa Infantil | Barra da Tijuca - RJ - Contato<\/title>\n<meta name=\"description\" content=\"Conte a sua ideia para gente, temos sempre a melhor solu\u00e7\u00e3o para sua festa ser um sucesso.Fale com a gente! Estamos aqui para lhe atender.\" \/>\n<meta name=\"robots\" content=\"index, follow, max-snippet:-1, max-image-preview:large, max-video-preview:-1\" \/>\n<link rel=\"canonical\" href=\"https:\/\/casaemfestabuffet.com.br\/site\/nosso-contato\/\" \/>\n<meta property=\"og:locale\" content=\"pt_BR\" \/>\n<meta property=\"og:type\" content=\"article\" \/>\n<meta property=\"og:title\" content=\"Casa em Festa | Casa de Festa Infantil | Barra da Tijuca - RJ - Contato\" \/>\n<meta property=\"og:description\" content=\"Conte a sua ideia para gente, temos sempre a melhor solu\u00e7\u00e3o para sua festa ser um sucesso.Fale com a gente! Estamos aqui para lhe atender.\" \/>\n<meta property=\"og:url\" content=\"https:\/\/casaemfestabuffet.com.br\/site\/nosso-contato\/\" \/>\n<meta property=\"og:site_name\" content=\"Casa em Festa | Casa de Festa Infantil | Barra da Tijuca - RJ\" \/>\n<meta property=\"article:publisher\" content=\"https:\/\/www.facebook.com\/casaemfestabuffet\" \/>\n<meta property=\"article:modified_time\" content=\"2025-11-17T13:33:57+00:00\" \/>\n<meta name=\"twitter:card\" content=\"summary_large_image\" \/>\n<meta name=\"twitter:label1\" content=\"Est. tempo de leitura\" \/>\n\t<meta name=\"twitter:data1\" content=\"1 minuto\" \/>\n<script type=\"application\/ld+json\" class=\"yoast-schema-graph\">{\"@context\":\"https:\\\/\\\/schema.org\",\"@graph\":[{\"@type\":\"WebPage\",\"@id\":\"https:\\\/\\\/casaemfestabuffet.com.br\\\/site\\\/nosso-contato\\\/\",\"url\":\"https:\\\/\\\/casaemfestabuffet.com.br\\\/site\\\/nosso-contato\\\/\",\"name\":\"Casa em Festa | Casa de Festa Infantil | Barra da Tijuca - RJ - Contato\",\"isPartOf\":{\"@id\":\"https:\\\/\\\/casaemfestabuffet.com.br\\\/site\\\/#website\"},\"datePublished\":\"2020-09-04T15:18:54+00:00\",\"dateModified\":\"2025-11-17T13:33:57+00:00\",\"description\":\"Conte a sua ideia para gente, temos sempre a melhor solu\u00e7\u00e3o para sua festa ser um sucesso.Fale com a gente! Estamos aqui para lhe atender.\",\"breadcrumb\":{\"@id\":\"https:\\\/\\\/casaemfestabuffet.com.br\\\/site\\\/nosso-contato\\\/#breadcrumb\"},\"inLanguage\":\"pt-BR\",\"potentialAction\":[{\"@type\":\"ReadAction\",\"target\":[\"https:\\\/\\\/casaemfestabuffet.com.br\\\/site\\\/nosso-contato\\\/\"]}]},{\"@type\":\"BreadcrumbList\",\"@id\":\"https:\\\/\\\/casaemfestabuffet.com.br\\\/site\\\/nosso-contato\\\/#breadcrumb\",\"itemListElement\":[{\"@type\":\"ListItem\",\"position\":1,\"name\":\"In\u00edcio\",\"item\":\"https:\\\/\\\/casaemfestabuffet.com.br\\\/site\\\/\"},{\"@type\":\"ListItem\",\"position\":2,\"name\":\"contato\"}]},{\"@type\":\"WebSite\",\"@id\":\"https:\\\/\\\/casaemfestabuffet.com.br\\\/site\\\/#website\",\"url\":\"https:\\\/\\\/casaemfestabuffet.com.br\\\/site\\\/\",\"name\":\"Casa em Festa | Casa de Festa Infantil | Barra da Tijuca - RJ\",\"description\":\"Espa\u00e7o lindo e aconchegante. Surpreenda seus convidados! Brinquedos exclusivos, buffet delicioso e decora\u00e7\u00e3o personalizada.\",\"publisher\":{\"@id\":\"https:\\\/\\\/casaemfestabuffet.com.br\\\/site\\\/#organization\"},\"potentialAction\":[{\"@type\":\"SearchAction\",\"target\":{\"@type\":\"EntryPoint\",\"urlTemplate\":\"https:\\\/\\\/casaemfestabuffet.com.br\\\/site\\\/?s={search_term_string}\"},\"query-input\":{\"@type\":\"PropertyValueSpecification\",\"valueRequired\":true,\"valueName\":\"search_term_string\"}}],\"inLanguage\":\"pt-BR\"},{\"@type\":\"Organization\",\"@id\":\"https:\\\/\\\/casaemfestabuffet.com.br\\\/site\\\/#organization\",\"name\":\"Casa em Festa Buffet Infantil\",\"url\":\"https:\\\/\\\/casaemfestabuffet.com.br\\\/site\\\/\",\"logo\":{\"@type\":\"ImageObject\",\"inLanguage\":\"pt-BR\",\"@id\":\"https:\\\/\\\/casaemfestabuffet.com.br\\\/site\\\/#\\\/schema\\\/logo\\\/image\\\/\",\"url\":\"https:\\\/\\\/casaemfestabuffet.com.br\\\/site\\\/wp-content\\\/uploads\\\/2020\\\/07\\\/logo-header.png\",\"contentUrl\":\"https:\\\/\\\/casaemfestabuffet.com.br\\\/site\\\/wp-content\\\/uploads\\\/2020\\\/07\\\/logo-header.png\",\"width\":518,\"height\":373,\"caption\":\"Casa em Festa Buffet Infantil\"},\"image\":{\"@id\":\"https:\\\/\\\/casaemfestabuffet.com.br\\\/site\\\/#\\\/schema\\\/logo\\\/image\\\/\"},\"sameAs\":[\"https:\\\/\\\/www.facebook.com\\\/casaemfestabuffet\",\"https:\\\/\\\/www.instagram.com\\\/casaemfestabuffet\\\/\"]}]}<\/script>\n<!-- \/ Yoast SEO plugin. -->","yoast_head_json":{"title":"Casa em Festa | Casa de Festa Infantil | Barra da Tijuca - RJ - Contato","description":"Conte a sua ideia para gente, temos sempre a melhor solu\u00e7\u00e3o para sua festa ser um sucesso.Fale com a gente! Estamos aqui para lhe atender.","robots":{"index":"index","follow":"follow","max-snippet":"max-snippet:-1","max-image-preview":"max-image-preview:large","max-video-preview":"max-video-preview:-1"},"canonical":"https:\/\/casaemfestabuffet.com.br\/site\/nosso-contato\/","og_locale":"pt_BR","og_type":"article","og_title":"Casa em Festa | Casa de Festa Infantil | Barra da Tijuca - RJ - Contato","og_description":"Conte a sua ideia para gente, temos sempre a melhor solu\u00e7\u00e3o para sua festa ser um sucesso.Fale com a gente! Estamos aqui para lhe atender.","og_url":"https:\/\/casaemfestabuffet.com.br\/site\/nosso-contato\/","og_site_name":"Casa em Festa | Casa de Festa Infantil | Barra da Tijuca - RJ","article_publisher":"https:\/\/www.facebook.com\/casaemfestabuffet","article_modified_time":"2025-11-17T13:33:57+00:00","twitter_card":"summary_large_image","twitter_misc":{"Est. tempo de leitura":"1 minuto"},"schema":{"@context":"https:\/\/schema.org","@graph":[{"@type":"WebPage","@id":"https:\/\/casaemfestabuffet.com.br\/site\/nosso-contato\/","url":"https:\/\/casaemfestabuffet.com.br\/site\/nosso-contato\/","name":"Casa em Festa | Casa de Festa Infantil | Barra da Tijuca - RJ - Contato","isPartOf":{"@id":"https:\/\/casaemfestabuffet.com.br\/site\/#website"},"datePublished":"2020-09-04T15:18:54+00:00","dateModified":"2025-11-17T13:33:57+00:00","description":"Conte a sua ideia para gente, temos sempre a melhor solu\u00e7\u00e3o para sua festa ser um sucesso.Fale com a gente! Estamos aqui para lhe atender.","breadcrumb":{"@id":"https:\/\/casaemfestabuffet.com.br\/site\/nosso-contato\/#breadcrumb"},"inLanguage":"pt-BR","potentialAction":[{"@type":"ReadAction","target":["https:\/\/casaemfestabuffet.com.br\/site\/nosso-contato\/"]}]},{"@type":"BreadcrumbList","@id":"https:\/\/casaemfestabuffet.com.br\/site\/nosso-contato\/#breadcrumb","itemListElement":[{"@type":"ListItem","position":1,"name":"In\u00edcio","item":"https:\/\/casaemfestabuffet.com.br\/site\/"},{"@type":"ListItem","position":2,"name":"contato"}]},{"@type":"WebSite","@id":"https:\/\/casaemfestabuffet.com.br\/site\/#website","url":"https:\/\/casaemfestabuffet.com.br\/site\/","name":"Casa em Festa | Casa de Festa Infantil | Barra da Tijuca - RJ","description":"Espa\u00e7o lindo e aconchegante. Surpreenda seus convidados! Brinquedos exclusivos, buffet delicioso e decora\u00e7\u00e3o personalizada.","publisher":{"@id":"https:\/\/casaemfestabuffet.com.br\/site\/#organization"},"potentialAction":[{"@type":"SearchAction","target":{"@type":"EntryPoint","urlTemplate":"https:\/\/casaemfestabuffet.com.br\/site\/?s={search_term_string}"},"query-input":{"@type":"PropertyValueSpecification","valueRequired":true,"valueName":"search_term_string"}}],"inLanguage":"pt-BR"},{"@type":"Organization","@id":"https:\/\/casaemfestabuffet.com.br\/site\/#organization","name":"Casa em Festa Buffet Infantil","url":"https:\/\/casaemfestabuffet.com.br\/site\/","logo":{"@type":"ImageObject","inLanguage":"pt-BR","@id":"https:\/\/casaemfestabuffet.com.br\/site\/#\/schema\/logo\/image\/","url":"https:\/\/casaemfestabuffet.com.br\/site\/wp-content\/uploads\/2020\/07\/logo-header.png","contentUrl":"https:\/\/casaemfestabuffet.com.br\/site\/wp-content\/uploads\/2020\/07\/logo-header.png","width":518,"height":373,"caption":"Casa em Festa Buffet Infantil"},"image":{"@id":"https:\/\/casaemfestabuffet.com.br\/site\/#\/schema\/logo\/image\/"},"sameAs":["https:\/\/www.facebook.com\/casaemfestabuffet","https:\/\/www.instagram.com\/casaemfestabuffet\/"]}]}},"_links":{"self":[{"href":"https:\/\/casaemfestabuffet.com.br\/site\/wp-json\/wp\/v2\/pages\/968","targetHints":{"allow":["GET"]}}],"collection":[{"href":"https:\/\/casaemfestabuffet.com.br\/site\/wp-json\/wp\/v2\/pages"}],"about":[{"href":"https:\/\/casaemfestabuffet.com.br\/site\/wp-json\/wp\/v2\/types\/page"}],"author":[{"embeddable":true,"href":"https:\/\/casaemfestabuffet.com.br\/site\/wp-json\/wp\/v2\/users\/1"}],"replies":[{"embeddable":true,"href":"https:\/\/casaemfestabuffet.com.br\/site\/wp-json\/wp\/v2\/comments?post=968"}],"version-history":[{"count":27,"href":"https:\/\/casaemfestabuffet.com.br\/site\/wp-json\/wp\/v2\/pages\/968\/revisions"}],"predecessor-version":[{"id":3295,"href":"https:\/\/casaemfestabuffet.com.br\/site\/wp-json\/wp\/v2\/pages\/968\/revisions\/3295"}],"wp:attachment":[{"href":"https:\/\/casaemfestabuffet.com.br\/site\/wp-json\/wp\/v2\/media?parent=968"}],"curies":[{"name":"wp","href":"https:\/\/api.w.org\/{rel}","templated":true}]}}